{"id":21,"date":"2022-07-07T10:15:02","date_gmt":"2022-07-07T08:15:02","guid":{"rendered":"https:\/\/vrtecpriosjursinci.splet.arnes.si\/?page_id=21"},"modified":"2025-08-30T11:14:44","modified_gmt":"2025-08-30T09:14:44","slug":"oddelki","status":"publish","type":"page","link":"https:\/\/www.vrtec-osjursinci.si\/?page_id=21","title":{"rendered":"Oddelki"},"content":{"rendered":"\n<p class=\"has-vivid-purple-color has-text-color\" style=\"font-size:26px\"><mark class=\"has-inline-color has-vivid-purple-color\"><strong>ODDELKI V VRTCU V \u0160OLSKEM LETU<\/strong><\/mark><strong> 2025\/2026<\/strong><\/p>\n\n\n\n<div style=\"height:10px\" aria-hidden=\"true\" class=\"wp-block-spacer\"><\/div>\n\n\n<div class=\"wp-block-image\">\n<figure class=\"alignright size-full\"><img loading=\"lazy\" decoding=\"async\" width=\"350\" height=\"260\" src=\"https:\/\/www.vrtec-osjursinci.si\/files\/2022\/09\/otroci-1.jpg\" alt=\"\" class=\"wp-image-710\" srcset=\"https:\/\/www.vrtec-osjursinci.si\/files\/2022\/09\/otroci-1.jpg 350w, https:\/\/www.vrtec-osjursinci.si\/files\/2022\/09\/otroci-1-300x223.jpg 300w\" sizes=\"auto, (max-width: 350px) 100vw, 350px\" \/><\/figure>\n<\/div>\n\n\n<p><mark class=\"has-inline-color has-black-color\">1.<\/mark> <mark class=\"has-inline-color has-black-color\">oddelek &#8211; JE\u017dKI<\/mark> (1-2 leti) &#8211; 14 otrok<\/p>\n\n\n\n<p><mark class=\"has-inline-color has-black-color\">2.<\/mark> <mark class=\"has-inline-color has-black-color\">oddelek &#8211; SON\u010cKI<\/mark> (1-2 leti) &#8211; 13 otrok<\/p>\n\n\n\n<p><mark class=\"has-inline-color has-black-color\">3.<\/mark> <mark class=\"has-inline-color has-black-color\">oddelek &#8211; LUNICE<\/mark> (2-3 leta) &#8211; 13 otrok<\/p>\n\n\n\n<p><mark class=\"has-inline-color has-black-color\">4. oddelek &#8211; MI\u0160KE<\/mark> (3-4 leta) &#8211; 18 otrok<\/p>\n\n\n\n<p><mark class=\"has-inline-color has-black-color\">5. oddelek &#8211; PAL\u010cKI<\/mark> (4-5 let) &#8211; 18 otrok<\/p>\n\n\n\n<p><mark class=\"has-inline-color has-black-color\">6. oddelek &#8211; \u0160KRATI<\/mark> (4-6 let) &#8211; 20 otrok<\/p>\n\n\n\n<div style=\"height:6px\" aria-hidden=\"true\" class=\"wp-block-spacer\"><\/div>\n\n\n\n<h2 class=\"wp-block-heading\"><mark class=\"has-inline-color has-luminous-vivid-amber-color\">\u0160TEVILO OTROK V ODDELKU<\/mark><\/h2>\n\n\n\n<p><\/p>\n\n\n\n<p>Normativi za oblikovanje oddelkov so dolo\u010deni v Zakonu o vrtcih in Odredbi o normativih in kadrovskih pogojih za opravljanje dejavnosti pred\u0161olske vzgoje.<\/p>\n\n\n\n<p>Otroci so razporejeni v oddelke glede na starost. V oddelkih prvega starostnega obdobja (otroci so stari od 1. do 3. leta) je najve\u010d 12 otrok, v oddelkih drugega starostnega obdobja (otroci od 3. do 6. leta) je najve\u010d 22 otrok in v kombiniranih oddelkih najve\u010d 17 otrok. 17. 08. 2007 je bil izdan sklep lokalne skupnosti za uveljavitev fleksibilnega normativa.<\/p>\n\n\n<div class=\"wp-block-image\">\n<figure class=\"aligncenter size-full\"><img loading=\"lazy\" decoding=\"async\" width=\"767\" height=\"206\" src=\"https:\/\/www.vrtec-osjursinci.si\/files\/2022\/09\/program2-1.jpg\" alt=\"\" class=\"wp-image-680\" srcset=\"https:\/\/www.vrtec-osjursinci.si\/files\/2022\/09\/program2-1.jpg 767w, https:\/\/www.vrtec-osjursinci.si\/files\/2022\/09\/program2-1-300x81.jpg 300w\" sizes=\"auto, (max-width: 767px) 100vw, 767px\" \/><\/figure>\n<\/div>\n\n\n<div style=\"height:5px\" aria-hidden=\"true\" class=\"wp-block-spacer\"><\/div>\n\n\n\n<p class=\"has-vivid-purple-color has-text-color has-medium-font-size\"><em><strong>1. septembra 2025 je \u00a0vpisanih v vrtec Jur\u0161inci naslednje \u0161tevilo otrok: <\/strong><\/em><strong> 96<\/strong><\/p>\n\n\n\n<figure class=\"wp-block-table\"><table><tbody><tr><td class=\"has-text-align-left\" data-align=\"left\"><strong>Skupina<\/strong><\/td><td><strong>starost<\/strong><\/td><td class=\"has-text-align-center\" data-align=\"center\"><strong>\u0161tevilo otrok<\/strong><\/td><td><strong>diplomirana<\/strong> <strong>vzgojiteljica<\/strong><\/td><td><strong>vzgojiteljica &#8211;<\/strong> <strong>pomo\u010dnica vzgojiteljice<\/strong><\/td><\/tr><tr><td class=\"has-text-align-left\" data-align=\"left\">1. skupina: <br>Je\u017eki<\/td><td>1\u20132 leti<\/td><td class=\"has-text-align-center\" data-align=\"center\">14<\/td><td>Stanka Plohl<\/td><td>Vesna Holc<\/td><\/tr><tr><td class=\"has-text-align-left\" data-align=\"left\">2. skupina: Son\u010dki<\/td><td>1\u20132 leti<\/td><td class=\"has-text-align-center\" data-align=\"center\">13<\/td><td>Katica Meznari\u010d<\/td><td>Karolina Pelcl<\/td><\/tr><tr><td class=\"has-text-align-left\" data-align=\"left\">3. skupina: Lunice<\/td><td>2-3 leta<\/td><td class=\"has-text-align-center\" data-align=\"center\">13<\/td><td>Martina Fras<\/td><td>Jo\u017eica Kau\u010di\u010d<\/td><\/tr><tr><td class=\"has-text-align-left\" data-align=\"left\">4. skupina: Mi\u0161ke<\/td><td>3-4 leta<\/td><td class=\"has-text-align-center\" data-align=\"center\">18<\/td><td>Tanja Kvar,<br>Lidija Sven\u0161ek<\/td><td>Marija Kava\u0161<\/td><\/tr><tr><td class=\"has-text-align-left\" data-align=\"left\">5. skupina: Pal\u010dki<\/td><td>4-5 let<\/td><td class=\"has-text-align-center\" data-align=\"center\">18<\/td><td>Gabriela \u010cu\u0161 Kov\u0161e<\/td><td>Nastja Bra\u010di\u010d, Darinka Benko<\/td><\/tr><tr><td class=\"has-text-align-left\" data-align=\"left\">6. skupina: \u0160krati<\/td><td>4-6 let<\/td><td class=\"has-text-align-center\" data-align=\"center\">\u00a020<\/td><td>Valerija Mlinari\u010d Muhi\u010d<\/td><td>Nata\u0161a \u010cu\u0161<\/td><\/tr><\/tbody><\/table><\/figure>\n\n\n\n<p><\/p>\n","protected":false},"excerpt":{"rendered":"<p>ODDELKI V VRTCU V \u0160OLSKEM LETU 2025\/2026 1. oddelek &#8211; JE\u017dKI (1-2 leti) &#8211; 14 otrok 2. oddelek &#8211; SON\u010cKI (1-2 leti) &#8211; 13 otrok 3. oddelek &#8211; LUNICE (2-3 [&hellip;]<\/p>\n","protected":false},"author":91695,"featured_media":0,"parent":0,"menu_order":0,"comment_status":"closed","ping_status":"closed","template":"","meta":{"ngg_post_thumbnail":0,"footnotes":""},"class_list":["post-21","page","type-page","status-publish","hentry"],"_links":{"self":[{"href":"https:\/\/www.vrtec-osjursinci.si\/index.php?rest_route=\/wp\/v2\/pages\/21","targetHints":{"allow":["GET"]}}],"collection":[{"href":"https:\/\/www.vrtec-osjursinci.si\/index.php?rest_route=\/wp\/v2\/pages"}],"about":[{"href":"https:\/\/www.vrtec-osjursinci.si\/index.php?rest_route=\/wp\/v2\/types\/page"}],"author":[{"embeddable":true,"href":"https:\/\/www.vrtec-osjursinci.si\/index.php?rest_route=\/wp\/v2\/users\/91695"}],"replies":[{"embeddable":true,"href":"https:\/\/www.vrtec-osjursinci.si\/index.php?rest_route=%2Fwp%2Fv2%2Fcomments&post=21"}],"version-history":[{"count":15,"href":"https:\/\/www.vrtec-osjursinci.si\/index.php?rest_route=\/wp\/v2\/pages\/21\/revisions"}],"predecessor-version":[{"id":3922,"href":"https:\/\/www.vrtec-osjursinci.si\/index.php?rest_route=\/wp\/v2\/pages\/21\/revisions\/3922"}],"wp:attachment":[{"href":"https:\/\/www.vrtec-osjursinci.si\/index.php?rest_route=%2Fwp%2Fv2%2Fmedia&parent=21"}],"curies":[{"name":"wp","href":"https:\/\/api.w.org\/{rel}","templated":true}]}}