{"id":24,"date":"2022-07-07T10:17:23","date_gmt":"2022-07-07T08:17:23","guid":{"rendered":"https:\/\/vrtecpriosjursinci.splet.arnes.si\/?page_id=24"},"modified":"2025-12-16T12:16:30","modified_gmt":"2025-12-16T11:16:30","slug":"kratka-predstaitev","status":"publish","type":"page","link":"https:\/\/www.vrtec-osjursinci.si\/?page_id=24","title":{"rendered":"Kratka predstavitev"},"content":{"rendered":"\n<p class=\"has-medium-font-size\">Vrtec pri Osnovni \u0161oli Jur\u0161inci&nbsp; je samostojni javni zavod. Ustanovitelj zavoda je Ob\u010dina Jur\u0161inci.<\/p>\n\n\n\n<h2 class=\"wp-block-heading has-vivid-purple-color has-text-color\">OSNOVNI PODATKI <\/h2>\n\n\n<div class=\"wp-block-image\">\n<figure class=\"alignright size-full is-resized\"><img loading=\"lazy\" decoding=\"async\" width=\"225\" height=\"225\" src=\"https:\/\/www.vrtec-osjursinci.si\/files\/2022\/09\/kids.png\" alt=\"\" class=\"wp-image-551\" style=\"width:289px;height:289px\" srcset=\"https:\/\/www.vrtec-osjursinci.si\/files\/2022\/09\/kids.png 225w, https:\/\/www.vrtec-osjursinci.si\/files\/2022\/09\/kids-150x150.png 150w, https:\/\/www.vrtec-osjursinci.si\/files\/2022\/09\/kids-30x30.png 30w\" sizes=\"auto, (max-width: 225px) 100vw, 225px\" \/><\/figure>\n<\/div>\n\n\n<p>Vrtec pri O\u0160 Jur\u0161inci<\/p>\n\n\n\n<p>Jur\u0161inci 19<\/p>\n\n\n\n<p>2256&nbsp; Jur\u0161inci<\/p>\n\n\n\n<p>tel. +386 (0) 2 758 00 71 tajni\u0161tvo \u0161ole<\/p>\n\n\n\n<p>tel.: +386 (0) 2 758 00 72 &nbsp;ravnatelj: Matej Su\u017enik<\/p>\n\n\n\n<p>tel.: +386 (0) 2 758 24 71 \u2013 pomo\u010dnica ravnatelja za vodenje enote vrtca: Tanja Kvar, dipl. vzgojiteljica pred\u0161olskih otrok<\/p>\n\n\n\n<p>E-naslov vrtca:&nbsp;<a href=\"mailto:vrtec.jursinci@osjursinci.si\">vrtec.jursinci@osjursinci.si<\/a><\/p>\n\n\n\n<p>Svetovalna delavka in izvajalka DSP: Edita \u0160umenjak <\/p>\n\n\n\n<p>E-naslov: edita.sumenjak@osjursinci.si<\/p>\n\n\n\n<div style=\"height:37px\" aria-hidden=\"true\" class=\"wp-block-spacer\"><\/div>\n\n\n\n<p>Vrtec Jur\u0161inci ima v \u0161olskem letu 2025\/2026 \u0161est skupin pred\u0161olskih otrok. Skupaj 96 otrok. Razporejeni so po starostnih skupinah. Pet skupin se nahaja v prostorih vrtca, ena skupina je v \u0161olskih prostorih.<\/p>\n\n\n\n<p>Strokovne delavke vrtca Jur\u0161inci se trudimo, da se otroci primerno telesno in du\u0161evno razvijajo, se socializirajo, u\u010dijo in ustvarjajo, si pridobivajo pozitiven odnos do sveta in \u017eivljenja v njem.<\/p>\n\n\n\n<p>Oblikujejo si zdrave \u017eivljenjske navade, smotrne poglede in vedenjske vzorce ter pridobivajo pozitivne izku\u0161nje. Vsebine, metode dela in oblike dela so naravnane na spodbujanje aktivnosti, v zadovoljevanju \u017eelja in nagnjenj otrok. S spro\u0161\u010denim in vedrim vzdu\u0161jem ustvarjamo vrtec, v katerem se otroci dobro po\u010dutijo in ga imajo radi.<\/p>\n\n\n\n<p>Delujemo kot sodoben vrtec, ki je usmerjen k otroku, k star\u0161em in v okolje z raznovrstno in bogato ponudbo. Vzgojno varstveno dejavnost na\u010drtujemo tako, da je skladno s stvarnostjo in sposobnostjo posameznika ter s skupino otrok kot celoto.<\/p>\n\n\n<div class=\"wp-block-image\">\n<figure class=\"alignright size-full is-resized\"><img loading=\"lazy\" decoding=\"async\" width=\"379\" height=\"329\" src=\"https:\/\/www.vrtec-osjursinci.si\/files\/2022\/09\/ura.png\" alt=\"\" class=\"wp-image-561\" style=\"width:185px;height:160px\" srcset=\"https:\/\/www.vrtec-osjursinci.si\/files\/2022\/09\/ura.png 379w, https:\/\/www.vrtec-osjursinci.si\/files\/2022\/09\/ura-300x260.png 300w\" sizes=\"auto, (max-width: 379px) 100vw, 379px\" \/><\/figure>\n<\/div>\n\n\n<p><\/p>\n\n\n\n<p class=\"has-vivid-purple-color has-text-color has-medium-font-size\"><strong>OBRATOVALNI \u010cAS VRTCA<\/strong><\/p>\n\n\n\n<p>Obratovalni \u010das vrtca je od 5.30 do 16.30. Cena je oblikovana za 9-urni program. <\/p>\n\n\n\n<p><\/p>\n\n\n\n<p><\/p>\n\n\n\n<p class=\"has-vivid-purple-color has-text-color has-medium-font-size\"><strong>POSLOVNI \u010cAS VRTCA<\/strong><strong><\/strong><\/p>\n\n\n\n<p>Glede na potrebe star\u0161ev svet vrtca vsako leto dolo\u010di poslovni \u010das. Poslovni \u010das vrtca Jur\u0161inci traja enajst ur: od 5.30 do 16.30. Vrtec posluje vsak delovni dan.<\/p>\n\n\n\n<p>Pred vsakimi \u0161olskimi po\u010ditnicami (jesenskimi, bo\u017ei\u010dno-novoletnimi, zimskimi, prvomajskimi in poletnimi) bodo izdana obvestila in star\u0161em poslana na mail.<\/p>\n\n\n\n<p>Na podlagi teh obvestil &nbsp;se bo ob zadostnem \u0161tevilu prijavljenih otrok organiziralo varstvo tudi v \u010dasu po\u010ditnic. Javljanje prisotnosti otrok med po\u010ditnicami je OBVEZNO, saj se na podlagi vpisanih otrok organizira prehrana in se oblikuje organizacija dela.<\/p>\n\n\n\n<p>\u010ce bo prijavljenih manj kot 6 otrok, bo vrtec zaprt, delavke pa bodo koristile redni letni dopust.<\/p>\n\n\n\n<div style=\"height:31px\" aria-hidden=\"true\" class=\"wp-block-spacer\"><\/div>\n\n\n\n<p class=\"has-vivid-purple-color has-text-color has-medium-font-size\"><strong>DNEVNI RED VRTCA<\/strong><\/p>\n\n\n\n<figure class=\"wp-block-table\"><table><tbody><tr><td>5.30 \u20137.00<\/td><td>SPREJEM OTROK, NADALJEVANJE PO\u010cITKA, IGRA<\/td><\/tr><tr><td>7.00 \u2013 8.00<\/td><td>NEGA, PRIPRAVA NA DEJAVNOSTI<\/td><\/tr><tr><td>8.00 \u2013 9.00<\/td><td>ZAJTRK<\/td><\/tr><tr><td>9.00 \u2013 11.00<\/td><td>USMERJENE AKTIVNOSTI OTROK V IGRALNICI ALI NA PROSTEM<\/td><\/tr><tr><td>11.00 \u2013 12.00<\/td><td>KOSILO, PRIPRAVA NA PO\u010cITEK<\/td><\/tr><tr><td>12.00 \u2013 14.00<\/td><td>PO\u010cITEK, AKTIVNI PO\u010cITEK OTROK<\/td><\/tr><tr><td>14.00 \u2013 14.30<\/td><td>MALICA<\/td><\/tr><tr><td>14.30 \u2013 16.30<\/td><td>AKTIVNOSTI OTROK V IGRALNICI ALI NA PROSTEM, ODHOD OTROK<\/td><\/tr><\/tbody><\/table><\/figure>\n\n\n\n<div style=\"height:10px\" aria-hidden=\"true\" class=\"wp-block-spacer\"><\/div>\n\n\n\n<p class=\"has-vivid-purple-color has-text-color has-medium-font-size\"><strong>DNEVNI RED VRTCA OTROK SKUPINE \u0160KRATI V \u0160OLSKIH PROSTORIH<\/strong><\/p>\n\n\n\n<figure class=\"wp-block-table\"><table><tbody><tr><td>5.30 \u20137.00<\/td><td>SPREJEM OTROK V VRTCU<\/td><\/tr><tr><td>7.00 \u2013 8.00<\/td><td>SPREJEM OTROK V \u0160OLSKIH PROSTORIH, IGRA<\/td><\/tr><tr><td>8.00 \u2013 8.30<\/td><td>ZAJTRK<\/td><\/tr><tr><td>9.00 \u2013 11.00<\/td><td>USMERJENE AKTIVNOSTI OTROK V IGRALNICI ALI NA PROSTEM<\/td><\/tr><tr><td>11.00 \u2013 12.00<\/td><td>KOSILO, PRIPRAVA NA PO\u010cITEK<\/td><\/tr><tr><td>12.00 \u2013 14.00<\/td><td>PO\u010cITEK, AKTIVNI PO\u010cITEK OTROK<\/td><\/tr><tr><td>14.00 \u2013 14.30<\/td><td>MALICA<\/td><\/tr><tr><td>14.30 \u2013 15.30<\/td><td>AKTIVNOSTI OTROK V IGRALNICI V \u0160OLSKIH PROSTORIH<\/td><\/tr><tr><td>15.30 \u2013 16.30<\/td><td>ZDRU\u017dENI V IGRALNICI VRTCA, ODHOD DOMOV<\/td><\/tr><\/tbody><\/table><\/figure>\n\n\n\n<p><\/p>\n","protected":false},"excerpt":{"rendered":"<p>Vrtec pri Osnovni \u0161oli Jur\u0161inci&nbsp; je samostojni javni zavod. Ustanovitelj zavoda je Ob\u010dina Jur\u0161inci. OSNOVNI PODATKI Vrtec pri O\u0160 Jur\u0161inci Jur\u0161inci 19 2256&nbsp; Jur\u0161inci tel. +386 (0) 2 758 00 [&hellip;]<\/p>\n","protected":false},"author":56337,"featured_media":0,"parent":0,"menu_order":0,"comment_status":"closed","ping_status":"closed","template":"","meta":{"ngg_post_thumbnail":0,"footnotes":""},"class_list":["post-24","page","type-page","status-publish","hentry"],"_links":{"self":[{"href":"https:\/\/www.vrtec-osjursinci.si\/index.php?rest_route=\/wp\/v2\/pages\/24","targetHints":{"allow":["GET"]}}],"collection":[{"href":"https:\/\/www.vrtec-osjursinci.si\/index.php?rest_route=\/wp\/v2\/pages"}],"about":[{"href":"https:\/\/www.vrtec-osjursinci.si\/index.php?rest_route=\/wp\/v2\/types\/page"}],"author":[{"embeddable":true,"href":"https:\/\/www.vrtec-osjursinci.si\/index.php?rest_route=\/wp\/v2\/users\/56337"}],"replies":[{"embeddable":true,"href":"https:\/\/www.vrtec-osjursinci.si\/index.php?rest_route=%2Fwp%2Fv2%2Fcomments&post=24"}],"version-history":[{"count":15,"href":"https:\/\/www.vrtec-osjursinci.si\/index.php?rest_route=\/wp\/v2\/pages\/24\/revisions"}],"predecessor-version":[{"id":4222,"href":"https:\/\/www.vrtec-osjursinci.si\/index.php?rest_route=\/wp\/v2\/pages\/24\/revisions\/4222"}],"wp:attachment":[{"href":"https:\/\/www.vrtec-osjursinci.si\/index.php?rest_route=%2Fwp%2Fv2%2Fmedia&parent=24"}],"curies":[{"name":"wp","href":"https:\/\/api.w.org\/{rel}","templated":true}]}}