{"id":438,"date":"2022-08-31T17:28:00","date_gmt":"2022-08-31T15:28:00","guid":{"rendered":"https:\/\/vrtecpriosjursinci.splet.arnes.si\/?page_id=438"},"modified":"2025-08-30T11:04:37","modified_gmt":"2025-08-30T09:04:37","slug":"kontakti-vzgojiteljic-2","status":"publish","type":"page","link":"https:\/\/www.vrtec-osjursinci.si\/?page_id=438","title":{"rendered":"Kontakti vzgojiteljic"},"content":{"rendered":"\n<p class=\"has-vivid-purple-color has-text-color has-medium-font-size\"><strong><mark class=\"has-inline-color has-vivid-purple-color\">KONTAKTI VZGOJITELJIC<\/mark> PO SKUPINAH<\/strong><\/p>\n\n\n<div class=\"wp-block-image\">\n<figure class=\"alignleft size-full is-resized\"><img loading=\"lazy\" decoding=\"async\" width=\"236\" height=\"188\" src=\"https:\/\/www.vrtec-osjursinci.si\/files\/2022\/09\/vzg1.jpg\" alt=\"\" class=\"wp-image-442\" style=\"width:298px;height:237px\" \/><\/figure>\n<\/div>\n\n\n<div style=\"height:14px\" aria-hidden=\"true\" class=\"wp-block-spacer\"><\/div>\n\n\n\n<p><\/p>\n\n\n\n<p><\/p>\n\n\n\n<p style=\"font-size:17px\">STANKA PLOHL \u2013 JE\u017dKI (<a href=\"mailto:stanka.plohl@guest.arnes.si\">stanka.plohl@osjursinci.si<\/a>)<\/p>\n\n\n\n<p style=\"font-size:17px\">KATICA MEZNARI\u010c \u2013 SON\u010cKI (<a href=\"mailto:katica.meznaric@osjursinci.si\">katica.meznaric@osjursinci.si<\/a>)<\/p>\n\n\n\n<p style=\"font-size:17px\">MARTINA FRAS \u2013 LUNICE (<a href=\"mailto:martina.fras@osjursinci.si\">martina.fras@osjursinci.si<\/a><strong>)&nbsp;<\/strong><\/p>\n\n\n\n<p style=\"font-size:17px\">TANJA KVAR \u2013 MI\u0160KE (<a href=\"mailto:tanja.kvar@osjursinci.si\">tanja.kvar@osjursinci.si)<\/a><\/p>\n\n\n\n<p style=\"font-size:17px\">GABRIELA \u010cU\u0160 KOV\u0160E \u2013 PAL\u010cKI (<a href=\"mailto:gabriela.cus-kovse@osjursinci.si\">gabriela.cus-kovse@osjursinci.si<\/a>)<\/p>\n\n\n\n<p style=\"font-size:17px\">VALERIJA MLINARI\u010c MUHI\u010c\u2013 \u0160KRATI (<a href=\"mailto:valerija.mlinaric@osjursinci.si\">valerija.mlinaric@osjursinci.si<\/a>)<\/p>\n\n\n\n<p class=\"has-normal-font-size\"><\/p>\n\n\n\n<p class=\"has-normal-font-size\"><\/p>\n\n\n\n<p class=\"has-normal-font-size\"><strong> &nbsp; &nbsp;<\/strong><\/p>\n\n\n\n<p class=\"has-normal-font-size\"><\/p>\n","protected":false},"excerpt":{"rendered":"<p>KONTAKTI VZGOJITELJIC PO SKUPINAH STANKA PLOHL \u2013 JE\u017dKI (stanka.plohl@osjursinci.si) KATICA MEZNARI\u010c \u2013 SON\u010cKI (katica.meznaric@osjursinci.si) MARTINA FRAS \u2013 LUNICE (martina.fras@osjursinci.si)&nbsp; TANJA KVAR \u2013 MI\u0160KE (tanja.kvar@osjursinci.si) GABRIELA \u010cU\u0160 KOV\u0160E \u2013 PAL\u010cKI (gabriela.cus-kovse@osjursinci.si) [&hellip;]<\/p>\n","protected":false},"author":91695,"featured_media":0,"parent":0,"menu_order":0,"comment_status":"closed","ping_status":"closed","template":"","meta":{"ngg_post_thumbnail":0,"footnotes":""},"class_list":["post-438","page","type-page","status-publish","hentry"],"_links":{"self":[{"href":"https:\/\/www.vrtec-osjursinci.si\/index.php?rest_route=\/wp\/v2\/pages\/438","targetHints":{"allow":["GET"]}}],"collection":[{"href":"https:\/\/www.vrtec-osjursinci.si\/index.php?rest_route=\/wp\/v2\/pages"}],"about":[{"href":"https:\/\/www.vrtec-osjursinci.si\/index.php?rest_route=\/wp\/v2\/types\/page"}],"author":[{"embeddable":true,"href":"https:\/\/www.vrtec-osjursinci.si\/index.php?rest_route=\/wp\/v2\/users\/91695"}],"replies":[{"embeddable":true,"href":"https:\/\/www.vrtec-osjursinci.si\/index.php?rest_route=%2Fwp%2Fv2%2Fcomments&post=438"}],"version-history":[{"count":14,"href":"https:\/\/www.vrtec-osjursinci.si\/index.php?rest_route=\/wp\/v2\/pages\/438\/revisions"}],"predecessor-version":[{"id":3918,"href":"https:\/\/www.vrtec-osjursinci.si\/index.php?rest_route=\/wp\/v2\/pages\/438\/revisions\/3918"}],"wp:attachment":[{"href":"https:\/\/www.vrtec-osjursinci.si\/index.php?rest_route=%2Fwp%2Fv2%2Fmedia&parent=438"}],"curies":[{"name":"wp","href":"https:\/\/api.w.org\/{rel}","templated":true}]}}