{"id":61,"date":"2022-07-07T16:31:59","date_gmt":"2022-07-07T14:31:59","guid":{"rendered":"https:\/\/vrtecpriosjursinci.splet.arnes.si\/?page_id=61"},"modified":"2022-09-12T14:49:59","modified_gmt":"2022-09-12T12:49:59","slug":"pravice-otrok-in-starsev","status":"publish","type":"page","link":"https:\/\/www.vrtec-osjursinci.si\/?page_id=61","title":{"rendered":"Pravice otrok in star\u0161ev"},"content":{"rendered":"\n<p><\/p>\n\n\n\n<p class=\"has-vivid-purple-color has-text-color has-medium-font-size\"><u><strong>PRAVILA VRTCA<\/strong><\/u><\/p>\n\n\n\n<p>\u2013 pred rednim vstopom otroka v vrtec vzgojiteljici obvezno oddate pisno potrdilo o zdravni\u0161kem pregledu otroka in rednem cepljenju otroka;<\/p>\n\n\n\n<p>\u2013 prvi dan rednega varstva star\u0161i sporo\u010dite vzgojiteljici vse posebnosti otroka;<\/p>\n\n\n\n<p>\u2013 otroci lahko prinesejo svoje igra\u010de v vrtec le ob petkih; razen \u201cninic\u00ab, ki jih lahko prinesejo vsaki dan;<\/p>\n\n\n\n<p>\u2013 otroke primerno obla\u010dite, da bo spro\u0161\u010den pri igri;<\/p>\n\n\n\n<p>\u2013 otroka sprejemata vzgojiteljica ali pomo\u010dnica vzgojiteljice pri vratih v igralnico ali na igri\u0161\u010du, enako je pri odhodu&nbsp; domov;<\/p>\n\n\n\n<p>\u2013 bolan otrok ne sme biti v vrtcu, ker ogro\u017ea sebe in druge;<\/p>\n\n\n\n<p>\u2013 zdravil otroku v vrtcu ne dajemo, razen na podlagi pisnega priporo\u010dila zdravnika;<\/p>\n\n\n\n<p>\u2013 otrok mora imeti v vrtcu rezervno obleko, primerno vremenu;<\/p>\n\n\n\n<p>\u2013 \u017eelimo, da nas sproti obve\u0161\u010date o odsotnosti otroka;<\/p>\n\n\n\n<p>\u2013 v igralnice, pisarne, kuhinjo in sanitarije ni dovoljeno vstopati nikomur, razen varovancem vrtca in zaposlenim.<\/p>\n\n\n\n<div class=\"wp-block-image\"><figure class=\"aligncenter size-large is-resized\"><img loading=\"lazy\" decoding=\"async\" src=\"https:\/\/www.vrtec-osjursinci.si\/files\/2022\/09\/OBVESTILA-SLIKA-4-1024x683.jpg\" alt=\"\" class=\"wp-image-720\" width=\"491\" height=\"327\" srcset=\"https:\/\/www.vrtec-osjursinci.si\/files\/2022\/09\/OBVESTILA-SLIKA-4-1024x683.jpg 1024w, https:\/\/www.vrtec-osjursinci.si\/files\/2022\/09\/OBVESTILA-SLIKA-4-300x200.jpg 300w, https:\/\/www.vrtec-osjursinci.si\/files\/2022\/09\/OBVESTILA-SLIKA-4-768x512.jpg 768w, https:\/\/www.vrtec-osjursinci.si\/files\/2022\/09\/OBVESTILA-SLIKA-4.jpg 1200w\" sizes=\"auto, (max-width: 491px) 100vw, 491px\" \/><\/figure><\/div>\n\n\n\n<p><\/p>\n\n\n\n<p class=\"has-vivid-purple-color has-text-color has-medium-font-size\"><strong>PRAVICE IN OBVEZNOSTI STAR\u0160EV<\/strong><\/p>\n\n\n\n<p><\/p>\n\n\n\n<p class=\"has-luminous-vivid-amber-color has-text-color has-medium-font-size\"><strong><em><u>Pravice star\u0161ev:<\/u><\/em><\/strong><\/p>\n\n\n\n<p>\u2013 spoznati programe javnega vrtca;<\/p>\n\n\n\n<p>\u2013 uvajati otroka v vrtec po programu;<\/p>\n\n\n\n<p>\u2013 sodelovati pri dopolnjevanju programa;<\/p>\n\n\n\n<p>\u2013 koristiti oblike sodelovanja;<\/p>\n\n\n\n<p>\u2013 za\u0161\u010dita zasebnosti in varstvo osebnih podatkov;<\/p>\n\n\n\n<p>\u2013 zastopanje otrokovih pravic;<\/p>\n\n\n\n<p>\u2013 sodelovanje v Svetu star\u0161ev in drugih organih zavoda.<\/p>\n\n\n\n<p><\/p>\n\n\n\n<p class=\"has-luminous-vivid-amber-color has-text-color has-medium-font-size\"><strong><em><u>Obveznosti star\u0161ev:<\/u><\/em><\/strong><\/p>\n\n\n\n<p>\u2013 spo\u0161tovati pravila vrtca;<\/p>\n\n\n\n<p>\u2013 pravo\u010dasno sporo\u010dati vse spremembe;<\/p>\n\n\n\n<p>\u2013 spo\u0161tovati pravila, ki jih dolo\u010da pravilnik o varnosti otrok;<\/p>\n\n\n\n<p>\u2013 priti pravo\u010dasno po otroka (v delovnem \u010dasu vrtca);<\/p>\n\n\n\n<p>\u2013 posredovati telefonsko \u0161tevilko in podatke, s pomo\u010djo katerih je mogo\u010de najti in obvestiti otrokove star\u0161e o nepredvidenem dogodku ali ugotovitvah, za katere je nujno, da jih izvedo;<\/p>\n\n\n\n<p>\u2013 za osebne predmete, ki jih otroci prina\u0161ajo v vrtec, odgovarjajo star\u0161i;<\/p>\n\n\n\n<p>\u2013 redno pla\u010devati odmerjeno oskrbnino.<\/p>\n\n\n\n<p><\/p>\n\n\n\n<p><\/p>\n","protected":false},"excerpt":{"rendered":"<p>PRAVILA VRTCA \u2013 pred rednim vstopom otroka v vrtec vzgojiteljici obvezno oddate pisno potrdilo o zdravni\u0161kem pregledu otroka in rednem cepljenju otroka; \u2013 prvi dan rednega varstva star\u0161i sporo\u010dite vzgojiteljici [&hellip;]<\/p>\n","protected":false},"author":91695,"featured_media":0,"parent":0,"menu_order":0,"comment_status":"closed","ping_status":"closed","template":"","meta":{"ngg_post_thumbnail":0,"footnotes":""},"class_list":["post-61","page","type-page","status-publish","hentry"],"_links":{"self":[{"href":"https:\/\/www.vrtec-osjursinci.si\/index.php?rest_route=\/wp\/v2\/pages\/61","targetHints":{"allow":["GET"]}}],"collection":[{"href":"https:\/\/www.vrtec-osjursinci.si\/index.php?rest_route=\/wp\/v2\/pages"}],"about":[{"href":"https:\/\/www.vrtec-osjursinci.si\/index.php?rest_route=\/wp\/v2\/types\/page"}],"author":[{"embeddable":true,"href":"https:\/\/www.vrtec-osjursinci.si\/index.php?rest_route=\/wp\/v2\/users\/91695"}],"replies":[{"embeddable":true,"href":"https:\/\/www.vrtec-osjursinci.si\/index.php?rest_route=%2Fwp%2Fv2%2Fcomments&post=61"}],"version-history":[{"count":6,"href":"https:\/\/www.vrtec-osjursinci.si\/index.php?rest_route=\/wp\/v2\/pages\/61\/revisions"}],"predecessor-version":[{"id":722,"href":"https:\/\/www.vrtec-osjursinci.si\/index.php?rest_route=\/wp\/v2\/pages\/61\/revisions\/722"}],"wp:attachment":[{"href":"https:\/\/www.vrtec-osjursinci.si\/index.php?rest_route=%2Fwp%2Fv2%2Fmedia&parent=61"}],"curies":[{"name":"wp","href":"https:\/\/api.w.org\/{rel}","templated":true}]}}