{"id":63,"date":"2022-07-07T16:32:21","date_gmt":"2022-07-07T14:32:21","guid":{"rendered":"https:\/\/vrtecpriosjursinci.splet.arnes.si\/?page_id=63"},"modified":"2025-08-30T10:05:05","modified_gmt":"2025-08-30T08:05:05","slug":"svet-starsev","status":"publish","type":"page","link":"https:\/\/www.vrtec-osjursinci.si\/?page_id=63","title":{"rendered":"Svet star\u0161ev"},"content":{"rendered":"\n<p>V povezavi s \u0161olo deluje svet star\u0161ev: Star\u0161i izvolijo svoje predstavnike iz vsakega oddelka, <\/p>\n\n\n\n<p>en predstavnik vrtca pa je \u010dlan sveta zavoda.<\/p>\n\n\n\n<p><\/p>\n\n\n\n<p><\/p>\n\n\n\n<p><\/p>\n\n\n\n\n\n<p><\/p>\n\n\n\n<p class=\"has-vivid-purple-color has-text-color has-medium-font-size\">PREDSTAVNIK SVETA STAR\u0160EV PO ODDELKIH za \u0161olsko leto 2025\/2026:<\/p>\n\n\n<div class=\"wp-block-image\">\n<figure class=\"alignleft size-full is-resized\"><img loading=\"lazy\" decoding=\"async\" width=\"102\" height=\"362\" src=\"https:\/\/www.vrtec-osjursinci.si\/files\/2022\/09\/rozice.png\" alt=\"\" class=\"wp-image-750\" style=\"width:151px;height:537px\" \/><\/figure>\n<\/div>\n\n\n\n\n<p><\/p>\n\n\n\n<p class=\"has-medium-font-size\">JE\u017dKI: <\/p>\n\n\n\n<p class=\"has-medium-font-size\"><\/p>\n\n\n\n<p class=\"has-medium-font-size\">SON\u010cKI: <\/p>\n\n\n\n<p class=\"has-medium-font-size\"><\/p>\n\n\n\n<p class=\"has-medium-font-size\">LUNICE: <\/p>\n\n\n\n<p class=\"has-medium-font-size\"><\/p>\n\n\n\n<p class=\"has-medium-font-size\">MI\u0160KE: <\/p>\n\n\n\n<p class=\"has-medium-font-size\"><\/p>\n\n\n\n<p class=\"has-medium-font-size\">PAL\u010cKI: <\/p>\n\n\n\n<p class=\"has-medium-font-size\"><\/p>\n\n\n\n<p class=\"has-medium-font-size\">\u0160KRATI: <\/p>\n","protected":false},"excerpt":{"rendered":"<p>V povezavi s \u0161olo deluje svet star\u0161ev: Star\u0161i izvolijo svoje predstavnike iz vsakega oddelka, en predstavnik vrtca pa je \u010dlan sveta zavoda. PREDSTAVNIK SVETA STAR\u0160EV PO ODDELKIH za \u0161olsko leto [&hellip;]<\/p>\n","protected":false},"author":91695,"featured_media":0,"parent":0,"menu_order":0,"comment_status":"closed","ping_status":"closed","template":"","meta":{"ngg_post_thumbnail":0,"footnotes":""},"class_list":["post-63","page","type-page","status-publish","hentry"],"_links":{"self":[{"href":"https:\/\/www.vrtec-osjursinci.si\/index.php?rest_route=\/wp\/v2\/pages\/63","targetHints":{"allow":["GET"]}}],"collection":[{"href":"https:\/\/www.vrtec-osjursinci.si\/index.php?rest_route=\/wp\/v2\/pages"}],"about":[{"href":"https:\/\/www.vrtec-osjursinci.si\/index.php?rest_route=\/wp\/v2\/types\/page"}],"author":[{"embeddable":true,"href":"https:\/\/www.vrtec-osjursinci.si\/index.php?rest_route=\/wp\/v2\/users\/91695"}],"replies":[{"embeddable":true,"href":"https:\/\/www.vrtec-osjursinci.si\/index.php?rest_route=%2Fwp%2Fv2%2Fcomments&post=63"}],"version-history":[{"count":15,"href":"https:\/\/www.vrtec-osjursinci.si\/index.php?rest_route=\/wp\/v2\/pages\/63\/revisions"}],"predecessor-version":[{"id":3906,"href":"https:\/\/www.vrtec-osjursinci.si\/index.php?rest_route=\/wp\/v2\/pages\/63\/revisions\/3906"}],"wp:attachment":[{"href":"https:\/\/www.vrtec-osjursinci.si\/index.php?rest_route=%2Fwp%2Fv2%2Fmedia&parent=63"}],"curies":[{"name":"wp","href":"https:\/\/api.w.org\/{rel}","templated":true}]}}