{"id":69,"date":"2022-07-07T16:35:34","date_gmt":"2022-07-07T14:35:34","guid":{"rendered":"https:\/\/vrtecpriosjursinci.splet.arnes.si\/?page_id=69"},"modified":"2025-08-30T10:51:39","modified_gmt":"2025-08-30T08:51:39","slug":"program","status":"publish","type":"page","link":"https:\/\/www.vrtec-osjursinci.si\/?page_id=69","title":{"rendered":"Program"},"content":{"rendered":"\n<p class=\"has-vivid-purple-color has-text-color has-medium-font-size\"><strong>PROGRAM LETNIH AKTIVNOSTI V VRTCU:<\/strong><\/p>\n\n\n<div class=\"wp-block-image is-resized\">\n<figure class=\"aligncenter size-full\"><img loading=\"lazy\" decoding=\"async\" width=\"767\" height=\"206\" src=\"https:\/\/www.vrtec-osjursinci.si\/files\/2022\/09\/program2.jpg\" alt=\"\" class=\"wp-image-674\" srcset=\"https:\/\/www.vrtec-osjursinci.si\/files\/2022\/09\/program2.jpg 767w, https:\/\/www.vrtec-osjursinci.si\/files\/2022\/09\/program2-300x81.jpg 300w\" sizes=\"auto, (max-width: 767px) 100vw, 767px\" \/><\/figure>\n<\/div>\n\n\n<p>\u2666 uvajanje novincev, skupni roditeljski sestanek,<\/p>\n\n\n\n<p>\u2666 vsakodnevne zaposlitve, povezane z razli\u010dnimi vzgojnimi podro\u010dji,<\/p>\n\n\n\n<p>\u2666 varno vklju\u010devanje otrok v promet, obisk policista v vrtcu,<\/p>\n\n\n\n<p>\u2666 pohodi in sprehodi v bli\u017enjo in daljno okolico,<\/p>\n\n\n\n<p>\u2666 praznovanje rojstnih dni otrok in vzgojiteljic,<\/p>\n\n\n\n<p>\u2666 praznovanje jeseni, postavitev tete jeseni pred vrtcem,<\/p>\n\n\n\n<p>\u2666 Teden otroka (6.10.-10.10.2025): postavitev tete jeseni, obisk tete jeseni v vrtcu, lutkovna igra, pohodi otrok, izdelovanje iz naravnega materiala s stanovalci doma upokojencev, obisk gasilcev, policista, sre\u010danje s star\u0161i \u2013 pohod v Gabrnik <\/p>\n\n\n\n<p>\u2666 no\u010ditev vrtcu,<\/p>\n\n\n\n<p>\u2666 veseli december, obisk Bo\u017ei\u010dka, dramatizacija, sre\u010danje z dedki in babicami,<\/p>\n\n\n\n<p>\u2666 projekti: GOZDNI VRTEC, VARNO IN SPODBUDNO U\u010cNO OKOLJE, PORAJAJO\u010cA SE PISMENOST, BRALNA ZNA\u010cKA, MALI SON\u010cEK, ZDRAVJE V VRTCU, CICI VESELA \u0160OLA, PASAV\u010cEK<\/p>\n\n\n\n<p>\u2666 kulturni mesec februar, dejavnosti ob pustu, pustna povorka, obisk bibliobusa, \u0161olske in vrte\u0161ke knji\u017enice,<\/p>\n\n\n\n<p>\u2666 materinski dan: sre\u010danje po skupinah,<\/p>\n\n\n\n<p>\u2666 izvajanje interesnih dejavnosti: plesne urice, pevske urice, gibalne urice, bralna \u010dajanka,<\/p>\n\n\n\n<p>\u2666&nbsp;dramatizacije in lutkovne predstave, ki jih odigrajo delavke vrtca,<\/p>\n\n\n\n<p>\u2666 sre\u010danja otrok, star\u0161ev, starih star\u0161ev v mesecu oktobru, decembru, marcu, maju,<\/p>\n\n\n\n<p>\u2666 sodelovanje na razli\u010dnih koncertih, prireditvah,<\/p>\n\n\n\n<p>\u2666 mini maturanti, zaklju\u010dna prireditev, izlet\/tabor.<\/p>\n\n\n\n<p>&nbsp;<\/p>\n\n\n\n<p><\/p>\n\n\n\n<p class=\"has-vivid-purple-color has-text-color has-medium-font-size\"><strong>CENA PROGRAMOV<\/strong><\/p>\n\n\n\n<p>Iz podatkov o veljavnih cenah, ki so oblikovane po metodologiji, je razvidna naslednja struktura cene po posameznih elementih:<\/p>\n\n\n\n<p>V ceni dnevnega programa (9 urni program) za 1. starostno obdobje v predstavljajo povpre\u010dju stro\u0161ki dela 80 %, stro\u0161ki materiala in storitev 10 % in stro\u0161ki \u017eivil 10 %.<\/p>\n\n\n\n<p>V ceni dnevnega programa 2. starostnega obdobja pa v povpre\u010dju predstavljajo stro\u0161ki dela 75 %, stro\u0161ki materiala in storitev 12 % in stro\u0161ki \u017eivil 13 %.<\/p>\n\n\n\n<p>Cena potrjena na Ob\u010dinskem svetu Ob\u010dine Jur\u0161inci je od 1. 10. 2023,&nbsp; <\/p>\n\n\n\n<p>za 1. starostno obdobje (od 1 do 3 let) 615,68 EUR in za 2. starostno obdobje (od 3 do 6 let) 488,82 EUR.<\/p>\n","protected":false},"excerpt":{"rendered":"<p>PROGRAM LETNIH AKTIVNOSTI V VRTCU: \u2666 uvajanje novincev, skupni roditeljski sestanek, \u2666 vsakodnevne zaposlitve, povezane z razli\u010dnimi vzgojnimi podro\u010dji, \u2666 varno vklju\u010devanje otrok v promet, obisk policista v vrtcu, \u2666 [&hellip;]<\/p>\n","protected":false},"author":91695,"featured_media":0,"parent":0,"menu_order":0,"comment_status":"closed","ping_status":"closed","template":"","meta":{"ngg_post_thumbnail":0,"footnotes":""},"class_list":["post-69","page","type-page","status-publish","hentry"],"_links":{"self":[{"href":"https:\/\/www.vrtec-osjursinci.si\/index.php?rest_route=\/wp\/v2\/pages\/69","targetHints":{"allow":["GET"]}}],"collection":[{"href":"https:\/\/www.vrtec-osjursinci.si\/index.php?rest_route=\/wp\/v2\/pages"}],"about":[{"href":"https:\/\/www.vrtec-osjursinci.si\/index.php?rest_route=\/wp\/v2\/types\/page"}],"author":[{"embeddable":true,"href":"https:\/\/www.vrtec-osjursinci.si\/index.php?rest_route=\/wp\/v2\/users\/91695"}],"replies":[{"embeddable":true,"href":"https:\/\/www.vrtec-osjursinci.si\/index.php?rest_route=%2Fwp%2Fv2%2Fcomments&post=69"}],"version-history":[{"count":14,"href":"https:\/\/www.vrtec-osjursinci.si\/index.php?rest_route=\/wp\/v2\/pages\/69\/revisions"}],"predecessor-version":[{"id":3908,"href":"https:\/\/www.vrtec-osjursinci.si\/index.php?rest_route=\/wp\/v2\/pages\/69\/revisions\/3908"}],"wp:attachment":[{"href":"https:\/\/www.vrtec-osjursinci.si\/index.php?rest_route=%2Fwp%2Fv2%2Fmedia&parent=69"}],"curies":[{"name":"wp","href":"https:\/\/api.w.org\/{rel}","templated":true}]}}