{"id":71,"date":"2022-07-07T16:36:05","date_gmt":"2022-07-07T14:36:05","guid":{"rendered":"https:\/\/vrtecpriosjursinci.splet.arnes.si\/?page_id=71"},"modified":"2025-08-30T10:55:08","modified_gmt":"2025-08-30T08:55:08","slug":"projekti","status":"publish","type":"page","link":"https:\/\/www.vrtec-osjursinci.si\/?page_id=71","title":{"rendered":"Projekti"},"content":{"rendered":"\n<p class=\"has-text-align-center\">VARNO IN SPODBUDNO U\u010cNO OKOLJE<\/p>\n\n\n\n<p class=\"has-text-align-center\">GOZDNI VRTEC<\/p>\n\n\n\n<p class=\"has-text-align-center\">PASAV\u010cEK<\/p>\n\n\n\n<p class=\"has-text-align-center\">BRALNA ZNA\u010cKA<\/p>\n\n\n\n<p class=\"has-text-align-center\">MALI SON\u010cEK<\/p>\n\n\n\n<p class=\"has-text-align-center\">TRADICIONALNI SLOVENSKI ZAJTRK<\/p>\n\n\n\n<p class=\"has-text-align-center\">CICI VESELA \u0160OLA<\/p>\n\n\n\n<p class=\"has-text-align-center\">ZDRAVJE V VRTCU<\/p>\n\n\n<div class=\"wp-block-image is-resized\">\n<figure class=\"aligncenter size-full\"><img loading=\"lazy\" decoding=\"async\" width=\"599\" height=\"225\" src=\"https:\/\/www.vrtec-osjursinci.si\/files\/2022\/09\/PROJEKT1-1.jpg\" alt=\"\" class=\"wp-image-667\" srcset=\"https:\/\/www.vrtec-osjursinci.si\/files\/2022\/09\/PROJEKT1-1.jpg 599w, https:\/\/www.vrtec-osjursinci.si\/files\/2022\/09\/PROJEKT1-1-300x113.jpg 300w\" sizes=\"auto, (max-width: 599px) 100vw, 599px\" \/><\/figure>\n<\/div>","protected":false},"excerpt":{"rendered":"<p>VARNO IN SPODBUDNO U\u010cNO OKOLJE GOZDNI VRTEC PASAV\u010cEK BRALNA ZNA\u010cKA MALI SON\u010cEK TRADICIONALNI SLOVENSKI ZAJTRK CICI VESELA \u0160OLA ZDRAVJE V VRTCU<\/p>\n","protected":false},"author":91695,"featured_media":0,"parent":0,"menu_order":0,"comment_status":"closed","ping_status":"closed","template":"","meta":{"ngg_post_thumbnail":0,"footnotes":""},"class_list":["post-71","page","type-page","status-publish","hentry"],"_links":{"self":[{"href":"https:\/\/www.vrtec-osjursinci.si\/index.php?rest_route=\/wp\/v2\/pages\/71","targetHints":{"allow":["GET"]}}],"collection":[{"href":"https:\/\/www.vrtec-osjursinci.si\/index.php?rest_route=\/wp\/v2\/pages"}],"about":[{"href":"https:\/\/www.vrtec-osjursinci.si\/index.php?rest_route=\/wp\/v2\/types\/page"}],"author":[{"embeddable":true,"href":"https:\/\/www.vrtec-osjursinci.si\/index.php?rest_route=\/wp\/v2\/users\/91695"}],"replies":[{"embeddable":true,"href":"https:\/\/www.vrtec-osjursinci.si\/index.php?rest_route=%2Fwp%2Fv2%2Fcomments&post=71"}],"version-history":[{"count":12,"href":"https:\/\/www.vrtec-osjursinci.si\/index.php?rest_route=\/wp\/v2\/pages\/71\/revisions"}],"predecessor-version":[{"id":3910,"href":"https:\/\/www.vrtec-osjursinci.si\/index.php?rest_route=\/wp\/v2\/pages\/71\/revisions\/3910"}],"wp:attachment":[{"href":"https:\/\/www.vrtec-osjursinci.si\/index.php?rest_route=%2Fwp%2Fv2%2Fmedia&parent=71"}],"curies":[{"name":"wp","href":"https:\/\/api.w.org\/{rel}","templated":true}]}}