{"id":761,"date":"2022-09-15T17:33:15","date_gmt":"2022-09-15T15:33:15","guid":{"rendered":"https:\/\/vrtecpriosjursinci.splet.arnes.si\/?page_id=761"},"modified":"2022-09-19T18:53:32","modified_gmt":"2022-09-19T16:53:32","slug":"koristne-povezave","status":"publish","type":"page","link":"https:\/\/www.vrtec-osjursinci.si\/?page_id=761","title":{"rendered":"Koristne povezave"},"content":{"rendered":"\n<p class=\"has-vivid-purple-color has-text-color has-medium-font-size\"><strong>ZA STAR\u0160E:<\/strong><\/p>\n\n\n\n<p><a rel=\"noreferrer noopener\" href=\"http:\/\/www.otroci.si\/\" target=\"_blank\">http:\/\/www.otroci.si\/<\/a><\/p>\n\n\n\n<p><a rel=\"noreferrer noopener\" href=\"http:\/\/www.ezdravje.com\/si\/\" target=\"_blank\">http:\/\/www.ezdravje.com\/si\/<\/a><\/p>\n\n\n\n<p><a rel=\"noreferrer noopener\" href=\"http:\/\/www.ringaraja.net\/\" target=\"_blank\">http:\/\/www.ringaraja.net\/<\/a><\/p>\n\n\n\n<p><a rel=\"noreferrer noopener\" href=\"http:\/\/www.lgl.si\/\" target=\"_blank\">http:\/\/www.lgl.si\/<\/a><\/p>\n\n\n\n<p><a rel=\"noreferrer noopener\" href=\"http:\/\/med.over.net\/\" target=\"_blank\">http:\/\/med.over.net\/<\/a><\/p>\n\n\n\n<p><a rel=\"noreferrer noopener\" href=\"http:\/\/www.mama.si\/\" target=\"_blank\">http:\/\/www.mama.si\/<\/a><\/p>\n\n\n\n<p><a href=\"http:\/\/www.nijz.si\/\" target=\"_blank\" rel=\"noreferrer noopener\">http:\/\/www.nijz.si<\/a><\/p>\n\n\n\n<div style=\"height:15px\" aria-hidden=\"true\" class=\"wp-block-spacer\"><\/div>\n\n\n\n<p class=\"has-vivid-purple-color has-text-color has-medium-font-size\"><strong>ZA OTROKE:<\/strong><\/p>\n\n\n\n<p><a rel=\"noreferrer noopener\" href=\"http:\/\/www.otroci.org\/\" target=\"_blank\">http:\/\/www.otroci.org\/<\/a><\/p>\n\n\n\n<div style=\"height:15px\" aria-hidden=\"true\" class=\"wp-block-spacer\"><\/div>\n\n\n\n<p class=\"has-vivid-purple-color has-text-color has-medium-font-size\"><strong>ZA VZGOJITELJE:<\/strong><\/p>\n\n\n\n<p><a rel=\"noreferrer noopener\" href=\"http:\/\/www.zrss.si\/\" target=\"_blank\">Zavod RS za \u0161olstvo<\/a><\/p>\n\n\n\n<p><a rel=\"noreferrer noopener\" href=\"http:\/\/www.mizs.gov.si\/\" target=\"_blank\">Ministrstvo za izobra\u017eevanje, znanost in \u0161port<\/a><\/p>\n","protected":false},"excerpt":{"rendered":"<p>ZA STAR\u0160E: http:\/\/www.otroci.si\/ http:\/\/www.ezdravje.com\/si\/ http:\/\/www.ringaraja.net\/ http:\/\/www.lgl.si\/ http:\/\/med.over.net\/ http:\/\/www.mama.si\/ http:\/\/www.nijz.si ZA OTROKE: http:\/\/www.otroci.org\/ ZA VZGOJITELJE: Zavod RS za \u0161olstvo Ministrstvo za izobra\u017eevanje, znanost in \u0161port<\/p>\n","protected":false},"author":91695,"featured_media":0,"parent":0,"menu_order":0,"comment_status":"closed","ping_status":"closed","template":"","meta":{"ngg_post_thumbnail":0,"footnotes":""},"class_list":["post-761","page","type-page","status-publish","hentry"],"_links":{"self":[{"href":"https:\/\/www.vrtec-osjursinci.si\/index.php?rest_route=\/wp\/v2\/pages\/761","targetHints":{"allow":["GET"]}}],"collection":[{"href":"https:\/\/www.vrtec-osjursinci.si\/index.php?rest_route=\/wp\/v2\/pages"}],"about":[{"href":"https:\/\/www.vrtec-osjursinci.si\/index.php?rest_route=\/wp\/v2\/types\/page"}],"author":[{"embeddable":true,"href":"https:\/\/www.vrtec-osjursinci.si\/index.php?rest_route=\/wp\/v2\/users\/91695"}],"replies":[{"embeddable":true,"href":"https:\/\/www.vrtec-osjursinci.si\/index.php?rest_route=%2Fwp%2Fv2%2Fcomments&post=761"}],"version-history":[{"count":10,"href":"https:\/\/www.vrtec-osjursinci.si\/index.php?rest_route=\/wp\/v2\/pages\/761\/revisions"}],"predecessor-version":[{"id":847,"href":"https:\/\/www.vrtec-osjursinci.si\/index.php?rest_route=\/wp\/v2\/pages\/761\/revisions\/847"}],"wp:attachment":[{"href":"https:\/\/www.vrtec-osjursinci.si\/index.php?rest_route=%2Fwp%2Fv2%2Fmedia&parent=761"}],"curies":[{"name":"wp","href":"https:\/\/api.w.org\/{rel}","templated":true}]}}